{"id":930,"date":"2026-01-19T15:32:07","date_gmt":"2026-01-19T13:32:07","guid":{"rendered":"https:\/\/www.helsinginraamattukoulu.fi\/kauppa\/?post_type=product&#038;p=930"},"modified":"2026-01-20T14:31:44","modified_gmt":"2026-01-20T12:31:44","slug":"poytakalenteri-2026","status":"publish","type":"product","link":"https:\/\/www.helsinginraamattukoulu.fi\/kauppa\/tuote\/poytakalenteri-2026\/","title":{"rendered":"P\u00f6yt\u00e4kalenteri 2026"},"content":{"rendered":"<p><img loading=\"lazy\" decoding=\"async\" class=\"alignnone size-medium wp-image-933\" src=\"https:\/\/www.helsinginraamattukoulu.fi\/kauppa\/wp-content\/uploads\/2026\/01\/Kalenteri-poytamalli-273x300.jpg\" alt=\"\" width=\"273\" height=\"300\" srcset=\"https:\/\/www.helsinginraamattukoulu.fi\/kauppa\/wp-content\/uploads\/2026\/01\/Kalenteri-poytamalli-273x300.jpg 273w, https:\/\/www.helsinginraamattukoulu.fi\/kauppa\/wp-content\/uploads\/2026\/01\/Kalenteri-poytamalli-932x1024.jpg 932w, https:\/\/www.helsinginraamattukoulu.fi\/kauppa\/wp-content\/uploads\/2026\/01\/Kalenteri-poytamalli-768x844.jpg 768w, https:\/\/www.helsinginraamattukoulu.fi\/kauppa\/wp-content\/uploads\/2026\/01\/Kalenteri-poytamalli-300x330.jpg 300w, https:\/\/www.helsinginraamattukoulu.fi\/kauppa\/wp-content\/uploads\/2026\/01\/Kalenteri-poytamalli.jpg 1326w\" sizes=\"auto, (max-width: 273px) 100vw, 273px\" \/><\/p>\n<p>CD-p\u00f6yt\u00e4kalenteri on k\u00e4tev\u00e4 p\u00f6yd\u00e4ll\u00e4 seisova pienikokoinen kalenteri CD-kotelossa.<\/p>\n","protected":false},"excerpt":{"rendered":"<p>CD-p\u00f6yt\u00e4kalenteri on k\u00e4tev\u00e4 p\u00f6yd\u00e4ll\u00e4 seisova pienikokoinen kalenteri CD-kotelossa.<\/p>\n","protected":false},"featured_media":937,"comment_status":"closed","ping_status":"closed","template":"","meta":{"_monsterinsights_skip_tracking":false,"_monsterinsights_sitenote_active":false,"_monsterinsights_sitenote_note":"","_monsterinsights_sitenote_category":0,"_kadence_starter_templates_imported_post":false,"_kad_post_transparent":"default","_kad_post_title":"","_kad_post_layout":"default","_kad_post_sidebar_id":"","_kad_post_content_style":"default","_kad_post_vertical_padding":"default","_kad_post_feature":"","_kad_post_feature_position":"","_kad_post_header":false,"_kad_post_footer":false,"_kad_post_classname":""},"product_brand":[],"product_cat":[37],"product_tag":[55,54],"class_list":{"0":"post-930","1":"product","2":"type-product","3":"status-publish","4":"has-post-thumbnail","6":"product_cat-kalenterit","7":"product_tag-55","8":"product_tag-poytakalenteri","10":"first","11":"instock","12":"purchasable","13":"product-type-simple","14":"entry","15":"content-bg","16":"loop-entry"},"aioseo_notices":[],"_links":{"self":[{"href":"https:\/\/www.helsinginraamattukoulu.fi\/kauppa\/wp-json\/wp\/v2\/product\/930","targetHints":{"allow":["GET"]}}],"collection":[{"href":"https:\/\/www.helsinginraamattukoulu.fi\/kauppa\/wp-json\/wp\/v2\/product"}],"about":[{"href":"https:\/\/www.helsinginraamattukoulu.fi\/kauppa\/wp-json\/wp\/v2\/types\/product"}],"replies":[{"embeddable":true,"href":"https:\/\/www.helsinginraamattukoulu.fi\/kauppa\/wp-json\/wp\/v2\/comments?post=930"}],"wp:featuredmedia":[{"embeddable":true,"href":"https:\/\/www.helsinginraamattukoulu.fi\/kauppa\/wp-json\/wp\/v2\/media\/937"}],"wp:attachment":[{"href":"https:\/\/www.helsinginraamattukoulu.fi\/kauppa\/wp-json\/wp\/v2\/media?parent=930"}],"wp:term":[{"taxonomy":"product_brand","embeddable":true,"href":"https:\/\/www.helsinginraamattukoulu.fi\/kauppa\/wp-json\/wp\/v2\/product_brand?post=930"},{"taxonomy":"product_cat","embeddable":true,"href":"https:\/\/www.helsinginraamattukoulu.fi\/kauppa\/wp-json\/wp\/v2\/product_cat?post=930"},{"taxonomy":"product_tag","embeddable":true,"href":"https:\/\/www.helsinginraamattukoulu.fi\/kauppa\/wp-json\/wp\/v2\/product_tag?post=930"}],"curies":[{"name":"wp","href":"https:\/\/api.w.org\/{rel}","templated":true}]}}