{"id":55,"date":"2024-04-17T14:56:50","date_gmt":"2024-04-17T11:56:50","guid":{"rendered":"https:\/\/www.helsinginraamattukoulu.fi\/kauppa\/?post_type=product&#038;p=55"},"modified":"2025-04-28T13:04:47","modified_gmt":"2025-04-28T10:04:47","slug":"hannu-aimanen-sinut-on-nimelta-kutsuttu-seitseman-puhetta-pelastuksesta-kirja","status":"publish","type":"product","link":"https:\/\/www.helsinginraamattukoulu.fi\/kauppa\/tuote\/hannu-aimanen-sinut-on-nimelta-kutsuttu-seitseman-puhetta-pelastuksesta-kirja\/","title":{"rendered":"Hannu \u00c4im\u00e4nen, &#8221;SINUT ON NIMELT\u00c4 KUTSUTTU &#8211; seitsem\u00e4n puhetta pelastuksesta&#8221;"},"content":{"rendered":"<p>Helsingin Raamattukoulun Kustannus Oy on julkaissut kirjan \u201d<strong>Sinut on nimelt\u00e4 kutsuttu \u2013 seitsem\u00e4n puhetta pelastuksesta\u201d.<\/strong><\/p>\n<p>Kirjan on kirjoittanut <strong>Hannu \u00c4im\u00e4nen<\/strong>. Hannu toteaa, ett\u00e4 kirja on tarkoitettu avuksi niille, jotka pohtivat, mist\u00e4 pelastuksessa on kysymys ja miten ihminen l\u00f6yt\u00e4\u00e4 yhteyden el\u00e4v\u00e4\u00e4n Jumalaan ja Jeesukseen Kristukseen.<\/p>\n<p>Kirja sopii my\u00f6s hyvin lahjoitettavaksi. Kirjan kansikuvan on piirt\u00e4nyt <strong>Ville Arpiainen<\/strong>.<\/p>\n<p>Hannu \u00c4im\u00e4nen on el\u00e4kkeell\u00e4 oleva varatuomari, evankelista ja raamatunopettaja. H\u00e4n on toiminut<br \/>\nlakimiehen\u00e4 asianajo- ja lakiasiaintoimistoissa, pankkilakimiehen\u00e4 ja takausjohtajana auttamassa<br \/>\nylivelkaisia. Hannu on suorittanut saarnalupatutkinnon Helsingin tuomiokapitulissa ja opiskellut teologiaa<br \/>\nHelsingin yliopistossa. H\u00e4nell\u00e4 on laaja k\u00e4yt\u00e4nn\u00f6n kokemus evankelistana kaduilla ja turuilla sek\u00e4<br \/>\nraamatunopettajana Helsingin Raamattukoulussa ja muualla.<\/p>\n<p>Hannun tavoittaa osoitteesta:<br \/>\nHannu \u00c4im\u00e4nen, Runeberginkatu 36 A 5, 00260 Helsinki,<br \/>\naimanen.hannu@gmail.com<br \/>\npuh. 050 529 3021.<br \/>\n\u00c4l\u00e4 j\u00e4\u00e4 yksin kysymystesi kanssa. Halutessasi voit ottaa yhteytt\u00e4 Helsingin Raamattukouluun tai Hannuun.<\/p>\n","protected":false},"excerpt":{"rendered":"<p><strong><span style=\"font-family: Roboto, sans-serif; font-size: 14px; text-align: center;\">\u2022<\/span> Hannu \u00c4im\u00e4nen, &#8221;Sinut on nimelt\u00e4 kutsuttu &#8211; seitsem\u00e4n puhetta pelastuksesta&#8221;<\/strong><br \/>\n<strong><strong><span style=\"font-family: Roboto, sans-serif; font-size: 14px; text-align: center;\">\u2022\u00a0<\/span><\/strong>Julkaisuvuosi:<\/strong>\u00a02024<br \/>\n<strong><span style=\"font-family: Roboto, sans-serif; font-size: 14px; text-align: center;\">\u2022\u00a0<\/span>Kustantaja:<\/strong>\u00a0<span style=\"font-family: Roboto, sans-serif; font-size: 14px; text-align: center;\">Helsingin Raamattukoulun Kustannus Oy <\/span><br \/>\n<strong><span style=\"font-family: Roboto, sans-serif; font-size: 14px; text-align: center;\">\u2022\u00a0<\/span>Kieli:<\/strong>\u00a0<span style=\"font-family: Roboto, sans-serif; font-size: 14px; text-align: center;\">Suomi <\/span><br \/>\n<strong><span style=\"font-family: Roboto, sans-serif; font-size: 14px; text-align: center;\">\u2022\u00a0<\/span>Sivum\u00e4\u00e4r\u00e4:<\/strong>\u00a0<span style=\"font-family: Roboto, sans-serif; font-size: 14px; text-align: center;\">138 sivua<\/span><br \/>\n<strong><span style=\"font-family: Roboto, sans-serif; font-size: 14px; text-align: center;\">\u2022\u00a0<\/span>Ulkoasu<\/strong><span style=\"font-family: Roboto, sans-serif; font-size: 14px; text-align: center;\">:<\/span> 18 * 23,7<span style=\"font-family: Roboto, sans-serif; font-size: 14px; text-align: center;\"> cm <\/span><br \/>\n<span style=\"font-family: Roboto, sans-serif; font-size: 14px; text-align: center;\">\u2022<\/span> <strong>Kannen kuvat:<\/strong> Ville Arpiainen<strong><br \/>\n<span style=\"font-family: Roboto, sans-serif; font-size: 14px; text-align: center;\">\u2022<\/span> Kirjapaino:<\/strong> WIRmachenDRUCK GmbH<br \/>\n<strong><span style=\"font-family: Roboto, sans-serif; font-size: 14px; text-align: center;\">\u2022<\/span> Verkkoaineisto:<\/strong> 978-952-94-8875-9<br \/>\n<strong><span style=\"font-family: Roboto, sans-serif; font-size: 14px; text-align: center;\">\u2022\u00a0<\/span>ISBN:<\/strong>\u00a0<span style=\"font-family: Roboto, sans-serif; font-size: 14px; text-align: center;\">978-952-94-8874-2<\/span> pehme\u00e4kantinen<\/p>\n<div class=\"truncate-field truncate-done\" style=\"overflow: hidden;\" data-rows=\"5\"><\/div>\n","protected":false},"featured_media":243,"comment_status":"closed","ping_status":"closed","template":"","meta":{"_monsterinsights_skip_tracking":false,"_monsterinsights_sitenote_active":false,"_monsterinsights_sitenote_note":"","_monsterinsights_sitenote_category":0,"_kadence_starter_templates_imported_post":false,"_kad_post_transparent":"default","_kad_post_title":"","_kad_post_layout":"default","_kad_post_sidebar_id":"","_kad_post_content_style":"default","_kad_post_vertical_padding":"default","_kad_post_feature":"","_kad_post_feature_position":"","_kad_post_header":false,"_kad_post_footer":false,"_kad_post_classname":""},"product_brand":[],"product_cat":[18],"product_tag":[53],"class_list":{"0":"post-55","1":"product","2":"type-product","3":"status-publish","4":"has-post-thumbnail","6":"product_cat-painetut-kirjat","7":"product_tag-kirja","8":"product_shipping_class-normaalit-paketit","10":"first","11":"instock","12":"taxable","13":"shipping-taxable","14":"purchasable","15":"product-type-simple","16":"entry","17":"content-bg","18":"loop-entry"},"aioseo_notices":[],"_links":{"self":[{"href":"https:\/\/www.helsinginraamattukoulu.fi\/kauppa\/wp-json\/wp\/v2\/product\/55","targetHints":{"allow":["GET"]}}],"collection":[{"href":"https:\/\/www.helsinginraamattukoulu.fi\/kauppa\/wp-json\/wp\/v2\/product"}],"about":[{"href":"https:\/\/www.helsinginraamattukoulu.fi\/kauppa\/wp-json\/wp\/v2\/types\/product"}],"replies":[{"embeddable":true,"href":"https:\/\/www.helsinginraamattukoulu.fi\/kauppa\/wp-json\/wp\/v2\/comments?post=55"}],"wp:featuredmedia":[{"embeddable":true,"href":"https:\/\/www.helsinginraamattukoulu.fi\/kauppa\/wp-json\/wp\/v2\/media\/243"}],"wp:attachment":[{"href":"https:\/\/www.helsinginraamattukoulu.fi\/kauppa\/wp-json\/wp\/v2\/media?parent=55"}],"wp:term":[{"taxonomy":"product_brand","embeddable":true,"href":"https:\/\/www.helsinginraamattukoulu.fi\/kauppa\/wp-json\/wp\/v2\/product_brand?post=55"},{"taxonomy":"product_cat","embeddable":true,"href":"https:\/\/www.helsinginraamattukoulu.fi\/kauppa\/wp-json\/wp\/v2\/product_cat?post=55"},{"taxonomy":"product_tag","embeddable":true,"href":"https:\/\/www.helsinginraamattukoulu.fi\/kauppa\/wp-json\/wp\/v2\/product_tag?post=55"}],"curies":[{"name":"wp","href":"https:\/\/api.w.org\/{rel}","templated":true}]}}