{"id":306,"date":"2024-12-02T17:19:44","date_gmt":"2024-12-02T15:19:44","guid":{"rendered":"https:\/\/www.helsinginraamattukoulu.fi\/kauppa\/?post_type=product&#038;p=306"},"modified":"2025-04-30T10:26:46","modified_gmt":"2025-04-30T07:26:46","slug":"jeesuksen-elama-tapahtumajarjestyksessa-kerttu-vainikainen-366-sivua-savo-karjalan-raamatunopiskelijat-ry","status":"publish","type":"product","link":"https:\/\/www.helsinginraamattukoulu.fi\/kauppa\/tuote\/jeesuksen-elama-tapahtumajarjestyksessa-kerttu-vainikainen-366-sivua-savo-karjalan-raamatunopiskelijat-ry\/","title":{"rendered":"Jeesuksen El\u00e4m\u00e4 tapahtumaj\u00e4rjestyksess\u00e4, Kerttu Vainikainen, 366 s, Savo-Karjalan Raamatunopiskelijat ry"},"content":{"rendered":"","protected":false},"excerpt":{"rendered":"<p>Savo-Karjalan Raamatunopiskelijat ry on kustantanut kolme Kerttu Vainikaisen kirjaa, jotka on koottu h\u00e4nen pit\u00e4mist\u00e4\u00e4n luennoista. Ko. j\u00e4rjest\u00f6 on lopettanut toimintansa ja lahjoittanut suurimman osan heid\u00e4n varastoonsa j\u00e4\u00e4neist\u00e4 uusista kirjoista Helsingin Raamattukoululle. Kiit\u00e4mme t\u00e4st\u00e4 lahjoituksesta. Myymme nyt kampanjahintaan n\u00e4it\u00e4 kirjoja.<br \/>\nKerttu Vainikainen: Jeesuksen el\u00e4m\u00e4 tapahtumaj\u00e4rjestyksess\u00e4, sivuja 366, 15 \u20ac\/kpl<br \/>\nKerttu Vainikainen: Lupauksen kansa \u2013 Luvattu maa, sivuja 252, 10 \u20ac\/kpl<br \/>\nkirja k\u00e4sitt\u00e4\u00e4 Kerttu Vainikaisen luennot 5 Mooseksen kirjasta ja Joosuan kirjasta<br \/>\nKerttu Vainikainen: Verho vedet\u00e4\u00e4n syrj\u00e4\u00e4n, sivuja 158, 10 \u20ac\/kpl<br \/>\nkirja k\u00e4sitt\u00e4\u00e4 Kerttu Vainikaisen luennot Ilmestyskirjasta<\/p>\n<p>Kyselyt ja tilaukset: puh. 09\u00a0491\u00a0667 tai toimisto@helsinginraamattukoulu.fi<\/p>\n","protected":false},"featured_media":307,"comment_status":"closed","ping_status":"closed","template":"","meta":{"_monsterinsights_skip_tracking":false,"_monsterinsights_sitenote_active":false,"_monsterinsights_sitenote_note":"","_monsterinsights_sitenote_category":0,"_kadence_starter_templates_imported_post":false,"_kad_post_transparent":"default","_kad_post_title":"","_kad_post_layout":"default","_kad_post_sidebar_id":"","_kad_post_content_style":"default","_kad_post_vertical_padding":"default","_kad_post_feature":"","_kad_post_feature_position":"","_kad_post_header":false,"_kad_post_footer":false,"_kad_post_classname":""},"product_brand":[],"product_cat":[18],"product_tag":[53],"class_list":{"0":"post-306","1":"product","2":"type-product","3":"status-publish","4":"has-post-thumbnail","6":"product_cat-painetut-kirjat","7":"product_tag-kirja","8":"product_shipping_class-normaalit-paketit","10":"first","11":"instock","12":"taxable","13":"shipping-taxable","14":"purchasable","15":"product-type-simple","16":"entry","17":"content-bg","18":"loop-entry"},"aioseo_notices":[],"_links":{"self":[{"href":"https:\/\/www.helsinginraamattukoulu.fi\/kauppa\/wp-json\/wp\/v2\/product\/306","targetHints":{"allow":["GET"]}}],"collection":[{"href":"https:\/\/www.helsinginraamattukoulu.fi\/kauppa\/wp-json\/wp\/v2\/product"}],"about":[{"href":"https:\/\/www.helsinginraamattukoulu.fi\/kauppa\/wp-json\/wp\/v2\/types\/product"}],"replies":[{"embeddable":true,"href":"https:\/\/www.helsinginraamattukoulu.fi\/kauppa\/wp-json\/wp\/v2\/comments?post=306"}],"wp:featuredmedia":[{"embeddable":true,"href":"https:\/\/www.helsinginraamattukoulu.fi\/kauppa\/wp-json\/wp\/v2\/media\/307"}],"wp:attachment":[{"href":"https:\/\/www.helsinginraamattukoulu.fi\/kauppa\/wp-json\/wp\/v2\/media?parent=306"}],"wp:term":[{"taxonomy":"product_brand","embeddable":true,"href":"https:\/\/www.helsinginraamattukoulu.fi\/kauppa\/wp-json\/wp\/v2\/product_brand?post=306"},{"taxonomy":"product_cat","embeddable":true,"href":"https:\/\/www.helsinginraamattukoulu.fi\/kauppa\/wp-json\/wp\/v2\/product_cat?post=306"},{"taxonomy":"product_tag","embeddable":true,"href":"https:\/\/www.helsinginraamattukoulu.fi\/kauppa\/wp-json\/wp\/v2\/product_tag?post=306"}],"curies":[{"name":"wp","href":"https:\/\/api.w.org\/{rel}","templated":true}]}}