{"id":12,"date":"2024-12-09T15:03:50","date_gmt":"2024-12-09T13:03:50","guid":{"rendered":"https:\/\/www.helsinginraamattukoulu.fi\/kauppa\/?page_id=12"},"modified":"2025-04-30T08:52:13","modified_gmt":"2025-04-30T05:52:13","slug":"refund_returns","status":"publish","type":"page","link":"https:\/\/www.helsinginraamattukoulu.fi\/kauppa\/refund_returns\/","title":{"rendered":"Hyvitys- ja palautusk\u00e4yt\u00e4nt\u00f6"},"content":{"rendered":"\n<h2 class=\"wp-block-heading\">Yleist\u00e4<\/h2>\n\n\n\n<p>Tuotteillamme on kuluttajasuojalains\u00e4\u00e4d\u00e4nn\u00f6n mukaisesti 14 p\u00e4iv\u00e4n hyvitys- ja palautusoikeus, joka lasketaan alkavaksi siit\u00e4 hetkest\u00e4, kun asiakas fyysisesti vastaanottaa tuotteen.<\/p>\n\n\n\n<p>Jotta voit palauttaa tuotteen, on sen oltava k\u00e4ytt\u00e4m\u00e4t\u00f6n ja samassa kunnossa kuin vastaanottaessa. Tuotteen tulee my\u00f6s olla sen alkuper\u00e4isess\u00e4 pakkauksessa. Sinulla tulee olla my\u00f6s esitt\u00e4\u00e4 kuitti- tai tosite ostosta.<\/p>\n\n\n\n<p>Mik\u00e4li sinulla on kysytt\u00e4v\u00e4\u00e4 tuotteesta tai haluat palauttaa sen, olethan ensiksi asiasta yhteydess\u00e4 meihin joko s\u00e4hk\u00f6postitse&nbsp;toimisto(\u00e4t)helsinginraamattukoulu.fi tai puhelimitse 050 471 4800 (toimisto).<\/p>\n\n\n\n<h2 class=\"wp-block-heading\">Hyvitykset<\/h2>\n\n\n\n<p>Kun palautettu tuote on vastaanotettu ja tarkastettu olemme sinuun yhteydess\u00e4 s\u00e4hk\u00f6postitse vahvistaaksemme, tai hyl\u00e4t\u00e4ksemme hyvitysvaateen.&nbsp;<\/p>\n\n\n\n<p>Mik\u00e4li hyvitysvaateesi hyv\u00e4ksyt\u00e4\u00e4n, palautetaan maksu tilillesi automaattisesti alkuper\u00e4isen maksutavan mukaisesti.<br><\/p>\n\n\n\n<h2 class=\"wp-block-heading\">Vaihdot<\/h2>\n\n\n\n<p>Vaihdamme tuotteen vain, mik\u00e4li se on viallinen tai vioittunut.\u00a0 Mik\u00e4li haluat vaihtaa viallisen tuotteen uuteen samanlaiseen tuotteeseen, laita meille s\u00e4hk\u00f6postia osoitteeseen\u00a0toimisto(\u00e4t)helsinginraamattukoulu.fi tai soita puh. 050 471 4800 (toimisto).<br><\/p>\n\n\n\n<h2 class=\"wp-block-heading\">Tilauksen palautus<\/h2>\n\n\n\n<p>Palauttaaksesi tuotteen, tulee sinun l\u00e4hett\u00e4\u00e4 se osoitteeseen: Helsingin Raamattukoulun Kustannus Oy, T\u00f6\u00f6l\u00f6nkatu 7 A 3, 00100 Helsinki. Voit my\u00f6s sopia tuotteen tuonnista suoraan Helsingin Raamattukoulun Kustannus Oy:n toimistoon, joka sijaitsee Helsingin Raamattukoulun tiloissa.<\/p>\n\n\n\n<p>Sinun tulee itse maksaa l\u00e4hetyksesi postikulut, jotka aiheutuvat palautettavan tuotteen l\u00e4hett\u00e4misest\u00e4. L\u00e4hetyskuluja ei hyvitet\u00e4. Jos saat hyvityksen, palautuksen toimituskulut v\u00e4hennet\u00e4\u00e4n hyvityksest\u00e4si.<\/p>\n","protected":false},"excerpt":{"rendered":"<p>Yleist\u00e4 Tuotteillamme on kuluttajasuojalains\u00e4\u00e4d\u00e4nn\u00f6n mukaisesti 14 p\u00e4iv\u00e4n hyvitys- ja palautusoikeus, joka lasketaan alkavaksi siit\u00e4 hetkest\u00e4, kun asiakas fyysisesti vastaanottaa tuotteen. Jotta voit palauttaa tuotteen, on sen oltava k\u00e4ytt\u00e4m\u00e4t\u00f6n ja samassa kunnossa kuin vastaanottaessa. Tuotteen tulee my\u00f6s olla sen alkuper\u00e4isess\u00e4 pakkauksessa. Sinulla tulee olla my\u00f6s esitt\u00e4\u00e4 kuitti- tai tosite ostosta. Mik\u00e4li sinulla on kysytt\u00e4v\u00e4\u00e4 tuotteesta tai&#8230;<\/p>\n","protected":false},"author":1,"featured_media":0,"parent":0,"menu_order":0,"comment_status":"closed","ping_status":"closed","template":"","meta":{"_monsterinsights_skip_tracking":false,"_monsterinsights_sitenote_active":false,"_monsterinsights_sitenote_note":"","_monsterinsights_sitenote_category":0,"_kadence_starter_templates_imported_post":false,"_kad_post_transparent":"","_kad_post_title":"","_kad_post_layout":"","_kad_post_sidebar_id":"","_kad_post_content_style":"","_kad_post_vertical_padding":"","_kad_post_feature":"","_kad_post_feature_position":"","_kad_post_header":false,"_kad_post_footer":false,"_kad_post_classname":"","footnotes":""},"class_list":["post-12","page","type-page","status-publish","hentry"],"aioseo_notices":[],"_links":{"self":[{"href":"https:\/\/www.helsinginraamattukoulu.fi\/kauppa\/wp-json\/wp\/v2\/pages\/12","targetHints":{"allow":["GET"]}}],"collection":[{"href":"https:\/\/www.helsinginraamattukoulu.fi\/kauppa\/wp-json\/wp\/v2\/pages"}],"about":[{"href":"https:\/\/www.helsinginraamattukoulu.fi\/kauppa\/wp-json\/wp\/v2\/types\/page"}],"author":[{"embeddable":true,"href":"https:\/\/www.helsinginraamattukoulu.fi\/kauppa\/wp-json\/wp\/v2\/users\/1"}],"replies":[{"embeddable":true,"href":"https:\/\/www.helsinginraamattukoulu.fi\/kauppa\/wp-json\/wp\/v2\/comments?post=12"}],"version-history":[{"count":2,"href":"https:\/\/www.helsinginraamattukoulu.fi\/kauppa\/wp-json\/wp\/v2\/pages\/12\/revisions"}],"predecessor-version":[{"id":861,"href":"https:\/\/www.helsinginraamattukoulu.fi\/kauppa\/wp-json\/wp\/v2\/pages\/12\/revisions\/861"}],"wp:attachment":[{"href":"https:\/\/www.helsinginraamattukoulu.fi\/kauppa\/wp-json\/wp\/v2\/media?parent=12"}],"curies":[{"name":"wp","href":"https:\/\/api.w.org\/{rel}","templated":true}]}}